{"id":88,"date":"2022-07-19T08:22:54","date_gmt":"2022-07-19T08:22:54","guid":{"rendered":"http:\/\/www.atlantikkurugida.com\/?page_id=88"},"modified":"2022-07-19T08:22:55","modified_gmt":"2022-07-19T08:22:55","slug":"toptan-satis","status":"publish","type":"page","link":"http:\/\/www.atlantikkurugida.com\/?page_id=88","title":{"rendered":"Toptan Sat\u0131\u015f"},"content":{"rendered":"\n<p>Nesim Aslan&nbsp;&nbsp; 1990 da&nbsp; ticari hayat\u0131na&nbsp; Ukrayna&nbsp; ve Rusya&nbsp; ve do\u011fu&nbsp; bloku&nbsp; ulkelerine&nbsp; ihracat&nbsp; yaparak ba\u015flad\u0131.b\u00fct\u00fcn&nbsp; bilgi&nbsp; birikimini deneyimlerini&nbsp; de\u011ferlendirmek&nbsp; i\u00e7in Atlantik g\u0131da Teks.\u0130n\u015f Nakl. San.D\u0131\u015f Ltd.\u015eti&nbsp; kurma&nbsp; karar\u0131&nbsp; ald\u0131.<\/p>\n\n\n\n<p>Firmam\u0131z&nbsp;&nbsp;&nbsp; Nesim&nbsp; Aslan&nbsp; ve&nbsp;&nbsp; Alex&nbsp; V. Kryukovsky&nbsp;&nbsp; taraf\u0131nda&nbsp;&nbsp; 2005&nbsp; y\u0131l\u0131nda&nbsp; kuruldu.&nbsp;&nbsp; Ukrayna&nbsp; Merkezli&nbsp; bir&nbsp; firmay\u0131z.Ukraynada&nbsp; i\u00e7&nbsp; piyasa parekende&nbsp; ve toptan&nbsp; kuru g\u0131da&nbsp; da\u011f\u0131t\u0131m\u0131 yapan&nbsp;&nbsp; en buyuk&nbsp; firmalar\u0131ndan&nbsp; biridir. Ukraynada&nbsp;&nbsp; faaliyete&nbsp; olan fabrikam\u0131zda&nbsp; Ay\u00e7ekirde\u011fi i\u00e7i d\u00fcnya&nbsp; geneline&nbsp;&nbsp; \u00fcretim yapmaktad\u0131r .<\/p>\n\n\n\n<figure class=\"wp-block-image\"><img loading=\"lazy\" decoding=\"async\" width=\"200\" height=\"80\" src=\"http:\/\/www.atlantikkurugida.com\/wp-content\/uploads\/2022\/07\/logo.jpg\" alt=\"\" class=\"wp-image-21\"\/><\/figure>\n\n\n\n<p>Ukraynadan&nbsp;&nbsp; ithal&nbsp; etti\u011fimiz&nbsp; ve&nbsp; i\u00e7&nbsp; piyasaya&nbsp; sundu\u011fumuz&nbsp; \u00fcr\u00fcnler&nbsp; \u015funlard\u0131r.&nbsp;&nbsp; Ay\u00e7ekirde\u011fi i\u00e7i, Ay\u00e7ekirde\u011fi, kabak \u00e7ekirde\u011fi, Ukrayna&nbsp; cevizi,&nbsp; sar\u0131 bezelye ,kuru fasulye&nbsp; ,pelet&nbsp; gibi&nbsp; \u00fcr\u00fcnlerdir.<\/p>\n\n\n\n<p>Vizyonumuz ve Misyonumuz<\/p>\n\n\n\n<p>Kalite kontrol belgeleri \u00e7al\u0131\u015fma, kalite ve g\u00fcvenlik do\u011frulayan, hammadde temini i\u00e7in numune alma a\u015famas\u0131nda olu\u015fur.Geleneksel olarak, \u00e7al\u0131\u015fma sezonu ba\u015f\u0131nda yeni \u00e7izgiler veya bitkilerin tan\u0131t\u0131lacak. iyi haber Buhler Sorteks Ltd, Birle\u015fik Krall\u0131k\u2019tan tarama donan\u0131mlar\u0131 sat\u0131n almak hatt\u0131 gibi ikinci hizmet edebilir. Firmam\u0131z taraf\u0131ndan sat\u0131n al\u0131nan modeli bize sekt\u00f6r\u00fcnde rakipleri aras\u0131nda \u00f6ne \u00e7\u0131kmas\u0131n\u0131 sa\u011flayan son teknoloji INGAS kamera, Ukrayna\u2019ya ilk teslimat\u0131. Bu y\u0131l, tam otomatik \u00fcretim i\u015fg\u00fcc\u00fc maliyetlerini azalt\u0131r ve yak\u0131ndan \u00fcretim s\u00fcrecini izlemek ceviz, \u00e7ekirdek elde etmek . \u00fcretim uluslararas\u0131 sertifika ISO 9001 sertifikas\u0131na sahiptir. yak\u0131n gelecekte \u015firket \u2013 bir bah\u00e7e sazhantsev Dikim a\u015f\u0131l\u0131 ceviz. Ayr\u0131ca, uluslararas\u0131 sertifika ISO 22000 konusu yarg\u0131laman\u0131n tasdik gelecek y\u0131l plan\u0131.<\/p>\n","protected":false},"excerpt":{"rendered":"<div class=\"slide-text-bg2\"><span>Nesim Aslan&nbsp;&nbsp; 1990 da&nbsp; ticari hayat\u0131na&nbsp; Ukrayna&nbsp; ve Rusya&nbsp; ve do\u011fu&nbsp; bloku&nbsp; ulkelerine&nbsp; ihracat&nbsp; yaparak<\/span><\/div>\n<div class=\"slide-btn-area-sm\"><a href=\"http:\/\/www.atlantikkurugida.com\/?page_id=88\" class=\"slide-btn-sm\">Devam\u0131n\u0131 oku<\/a><\/div>\n","protected":false},"author":1,"featured_media":0,"parent":0,"menu_order":0,"comment_status":"closed","ping_status":"closed","template":"","meta":{"footnotes":""},"class_list":["post-88","page","type-page","status-publish","hentry"],"_links":{"self":[{"href":"http:\/\/www.atlantikkurugida.com\/index.php?rest_route=\/wp\/v2\/pages\/88","targetHints":{"allow":["GET"]}}],"collection":[{"href":"http:\/\/www.atlantikkurugida.com\/index.php?rest_route=\/wp\/v2\/pages"}],"about":[{"href":"http:\/\/www.atlantikkurugida.com\/index.php?rest_route=\/wp\/v2\/types\/page"}],"author":[{"embeddable":true,"href":"http:\/\/www.atlantikkurugida.com\/index.php?rest_route=\/wp\/v2\/users\/1"}],"replies":[{"embeddable":true,"href":"http:\/\/www.atlantikkurugida.com\/index.php?rest_route=%2Fwp%2Fv2%2Fcomments&post=88"}],"version-history":[{"count":1,"href":"http:\/\/www.atlantikkurugida.com\/index.php?rest_route=\/wp\/v2\/pages\/88\/revisions"}],"predecessor-version":[{"id":90,"href":"http:\/\/www.atlantikkurugida.com\/index.php?rest_route=\/wp\/v2\/pages\/88\/revisions\/90"}],"wp:attachment":[{"href":"http:\/\/www.atlantikkurugida.com\/index.php?rest_route=%2Fwp%2Fv2%2Fmedia&parent=88"}],"curies":[{"name":"wp","href":"https:\/\/api.w.org\/{rel}","templated":true}]}}