{"id":62,"date":"2022-07-06T07:23:50","date_gmt":"2022-07-06T07:23:50","guid":{"rendered":"http:\/\/www.atlantikkurugida.com\/?page_id=62"},"modified":"2023-07-19T09:13:22","modified_gmt":"2023-07-19T09:13:22","slug":"uzum","status":"publish","type":"page","link":"http:\/\/www.atlantikkurugida.com\/?page_id=62","title":{"rendered":"\u00dcz\u00fcm"},"content":{"rendered":"\n<p>Kalite kontrol belgeleri \u00e7al\u0131\u015fma, kalite ve g\u00fcvenlik do\u011frulayan, hammadde temini i\u00e7in numune alma a\u015famas\u0131nda olu\u015fur.Geleneksel olarak, \u00e7al\u0131\u015fma sezonu ba\u015f\u0131nda yeni \u00e7izgiler veya bitkilerin tan\u0131t\u0131lacak. iyi haber Buhler Sorteks Ltd, Birle\u015fik Krall\u0131k\u2019tan tarama donan\u0131mlar\u0131 sat\u0131n almak hatt\u0131 gibi ikinci hizmet edebilir.<\/p>\n\n\n\n<figure class=\"wp-block-gallery has-nested-images columns-default is-cropped wp-block-gallery-1 is-layout-flex wp-block-gallery-is-layout-flex\">\n<figure class=\"wp-block-image size-large\"><img loading=\"lazy\" decoding=\"async\" width=\"600\" height=\"400\" data-id=\"99\" src=\"http:\/\/www.atlantikkurugida.com\/wp-content\/uploads\/2023\/07\/1.jpg\" alt=\"\" class=\"wp-image-99\" srcset=\"http:\/\/www.atlantikkurugida.com\/wp-content\/uploads\/2023\/07\/1.jpg 600w, http:\/\/www.atlantikkurugida.com\/wp-content\/uploads\/2023\/07\/1-300x200.jpg 300w\" sizes=\"auto, (max-width: 600px) 100vw, 600px\" \/><\/figure>\n<\/figure>\n\n\n\n<p>Do\u011frudan ithal ve d\u00fcnyan\u0131n 10 \u00fclkesinde \u00e7al\u0131\u015fma konu\u015fan, biz, m\u00fc\u015fterilerimize ithal mallar\u0131n i\u015fbirli\u011fi ve kalite i\u00e7in en uygun ko\u015fullar\u0131 sunan t\u00fcm gerekli belgeleri teyit edebilirsiniz<\/p>\n","protected":false},"excerpt":{"rendered":"<div class=\"slide-text-bg2\"><span>Kalite kontrol belgeleri \u00e7al\u0131\u015fma, kalite ve g\u00fcvenlik do\u011frulayan, hammadde temini i\u00e7in numune alma a\u015famas\u0131nda olu\u015fur.Geleneksel olarak, \u00e7al\u0131\u015fma <\/span><\/div>\n<div class=\"slide-btn-area-sm\"><a href=\"http:\/\/www.atlantikkurugida.com\/?page_id=62\" class=\"slide-btn-sm\">Devam\u0131n\u0131 oku<\/a><\/div>\n","protected":false},"author":1,"featured_media":0,"parent":0,"menu_order":0,"comment_status":"closed","ping_status":"closed","template":"","meta":{"footnotes":""},"class_list":["post-62","page","type-page","status-publish","hentry"],"_links":{"self":[{"href":"http:\/\/www.atlantikkurugida.com\/index.php?rest_route=\/wp\/v2\/pages\/62","targetHints":{"allow":["GET"]}}],"collection":[{"href":"http:\/\/www.atlantikkurugida.com\/index.php?rest_route=\/wp\/v2\/pages"}],"about":[{"href":"http:\/\/www.atlantikkurugida.com\/index.php?rest_route=\/wp\/v2\/types\/page"}],"author":[{"embeddable":true,"href":"http:\/\/www.atlantikkurugida.com\/index.php?rest_route=\/wp\/v2\/users\/1"}],"replies":[{"embeddable":true,"href":"http:\/\/www.atlantikkurugida.com\/index.php?rest_route=%2Fwp%2Fv2%2Fcomments&post=62"}],"version-history":[{"count":2,"href":"http:\/\/www.atlantikkurugida.com\/index.php?rest_route=\/wp\/v2\/pages\/62\/revisions"}],"predecessor-version":[{"id":100,"href":"http:\/\/www.atlantikkurugida.com\/index.php?rest_route=\/wp\/v2\/pages\/62\/revisions\/100"}],"wp:attachment":[{"href":"http:\/\/www.atlantikkurugida.com\/index.php?rest_route=%2Fwp%2Fv2%2Fmedia&parent=62"}],"curies":[{"name":"wp","href":"https:\/\/api.w.org\/{rel}","templated":true}]}}