{"id":37,"date":"2022-07-06T07:14:08","date_gmt":"2022-07-06T07:14:08","guid":{"rendered":"http:\/\/www.atlantikkurugida.com\/?page_id=37"},"modified":"2022-07-06T07:14:08","modified_gmt":"2022-07-06T07:14:08","slug":"referanslar","status":"publish","type":"page","link":"http:\/\/www.atlantikkurugida.com\/?page_id=37","title":{"rendered":"Referanslar"},"content":{"rendered":"\n<p>Kalite kontrol belgeleri \u00e7al\u0131\u015fma, kalite ve g\u00fcvenlik do\u011frulayan, hammadde temini i\u00e7in numune alma a\u015famas\u0131nda olu\u015fur.Geleneksel olarak, \u00e7al\u0131\u015fma sezonu ba\u015f\u0131nda yeni \u00e7izgiler veya bitkilerin tan\u0131t\u0131lacak. iyi haber Buhler Sorteks Ltd, Birle\u015fik Krall\u0131k&#8217;tan tarama donan\u0131mlar\u0131 sat\u0131n almak hatt\u0131 gibi ikinci hizmet edebilir.<\/p>\n\n\n\n<p>Do\u011frudan ithal ve d\u00fcnyan\u0131n 10 \u00fclkesinde \u00e7al\u0131\u015fma konu\u015fan, biz, m\u00fc\u015fterilerimize ithal mallar\u0131n i\u015fbirli\u011fi ve kalite i\u00e7in en uygun ko\u015fullar\u0131 sunan t\u00fcm gerekli belgeleri teyit edebilirsiniz.<\/p>\n\n\n\n<p>Kendi \u00fcretim ihracat kayna\u011f\u0131 \u00fcr\u00fcnleri &#8211; \u0130\u015fleme. Hammadde direkt \u00fcreticiden sat\u0131n al\u0131nan &#8211; belgelerin gerekli k\u00fcmesi vard\u0131r tar\u0131m, belgeleyen kalite ve g\u00fcvenlik vyroschennoy k\u00fclt\u00fcr\u00fc.<\/p>\n\n\n\n<p>S\u0131ralama (temizlik) ve ekipman \u00fcretimi \/ tar\u0131m \u00fcr\u00fcnleri Sorteks Sortex Z + 2RBL, Buehler Ltd, Birle\u015fik Krall\u0131k, s\u0131ralama ve tar\u0131m \u00fcr\u00fcnleri temizlik \u00fcreticisi olarak d\u00fcnya \u00e7ap\u0131nda bir \u00fcne sahip bir \u015firket.<\/p>\n\n\n\n<p>\u015eirket, modern otomatik \u00fcretim hatt\u0131na ekipman vard\u0131r. Bitmi\u015f \u00fcr\u00fcn\u00fcn y\u00fcksek kalitede uluslararas\u0131 kalite belgesi ISO 9001 ile teyit edilir. Ayr\u0131ca \u00fcretim tasdik ve uluslararas\u0131 standart ISO 22000 belgesi almak i\u00e7in \u00f6n\u00fcm\u00fczdeki y\u0131l i\u00e7in planlan\u0131yor.<\/p>\n\n\n\n<p>Akredite bir laboratuvar uzmanlar\u0131n\u0131n atanan \u00fcr\u00fcnlerin kalite kontrol\u00fc, hammadde gelen muayenede ve bitmi\u015f \u00fcr\u00fcnlerin \u00e7\u0131k\u0131\u015f\u0131n\u0131 kontrol.<\/p>\n\n\n\n<p>Teknik uzmanl\u0131k &#8211; \u015eirket kalifiye m\u00fchendis personeli bir kadroya sahiptir.<\/p>\n","protected":false},"excerpt":{"rendered":"<div class=\"slide-text-bg2\"><span>Kalite kontrol belgeleri \u00e7al\u0131\u015fma, kalite ve g\u00fcvenlik do\u011frulayan, hammadde temini i\u00e7in numune alma a\u015famas\u0131nda olu\u015fur.Geleneksel olarak, \u00e7al\u0131\u015fma <\/span><\/div>\n<div class=\"slide-btn-area-sm\"><a href=\"http:\/\/www.atlantikkurugida.com\/?page_id=37\" class=\"slide-btn-sm\">Devam\u0131n\u0131 oku<\/a><\/div>\n","protected":false},"author":1,"featured_media":0,"parent":0,"menu_order":0,"comment_status":"closed","ping_status":"closed","template":"","meta":{"footnotes":""},"class_list":["post-37","page","type-page","status-publish","hentry"],"_links":{"self":[{"href":"http:\/\/www.atlantikkurugida.com\/index.php?rest_route=\/wp\/v2\/pages\/37","targetHints":{"allow":["GET"]}}],"collection":[{"href":"http:\/\/www.atlantikkurugida.com\/index.php?rest_route=\/wp\/v2\/pages"}],"about":[{"href":"http:\/\/www.atlantikkurugida.com\/index.php?rest_route=\/wp\/v2\/types\/page"}],"author":[{"embeddable":true,"href":"http:\/\/www.atlantikkurugida.com\/index.php?rest_route=\/wp\/v2\/users\/1"}],"replies":[{"embeddable":true,"href":"http:\/\/www.atlantikkurugida.com\/index.php?rest_route=%2Fwp%2Fv2%2Fcomments&post=37"}],"version-history":[{"count":1,"href":"http:\/\/www.atlantikkurugida.com\/index.php?rest_route=\/wp\/v2\/pages\/37\/revisions"}],"predecessor-version":[{"id":39,"href":"http:\/\/www.atlantikkurugida.com\/index.php?rest_route=\/wp\/v2\/pages\/37\/revisions\/39"}],"wp:attachment":[{"href":"http:\/\/www.atlantikkurugida.com\/index.php?rest_route=%2Fwp%2Fv2%2Fmedia&parent=37"}],"curies":[{"name":"wp","href":"https:\/\/api.w.org\/{rel}","templated":true}]}}