{"id":29,"date":"2022-07-06T07:10:48","date_gmt":"2022-07-06T07:10:48","guid":{"rendered":"http:\/\/www.atlantikkurugida.com\/?page_id=29"},"modified":"2022-07-19T13:07:36","modified_gmt":"2022-07-19T13:07:36","slug":"iletisim","status":"publish","type":"page","link":"http:\/\/www.atlantikkurugida.com\/?page_id=29","title":{"rendered":"\u0130leti\u015fim"},"content":{"rendered":"\n<p>ATLANT\u0130K&nbsp; GIDA TEKS. \u0130NS. NAK. SAN VE DI\u015e T\u0130C.LTD.\u015eT\u0130<\/p>\n\n\n\n<p>Kocatepe Mah.Yemi\u015f&nbsp;&nbsp; Meydan\u0131&nbsp; Sok.<\/p>\n\n\n\n<p>No: 1-288&nbsp;&nbsp; C&nbsp; 30 Blok&nbsp; Kat:9\/4&nbsp;<\/p>\n\n\n\n<p>Bayrampasa\/ \u0130stanbul\/Turkey<\/p>\n\n\n\n<p>TELL\/FAX : 212&nbsp; 632 41 22 <\/p>\n\n\n\n<p>atlantikltd@gmail.com<\/p>\n\n\n\n<iframe src=\"https:\/\/www.google.com\/maps\/embed?pb=!1m18!1m12!1m3!1d96261.41529088421!2d28.837506836359715!3d41.06529339689582!2m3!1f0!2f0!3f0!3m2!1i1024!2i768!4f13.1!3m3!1m2!1s0x14caba9cfa189be5%3A0xad32cd231cc8b125!2zQXRsYW50aWsgR8SxZGEgVGVrcyDEsG7FnyBOYWsgU2FuIFZlIETEscWfIFRpYyBMdGQgxZ50aQ!5e0!3m2!1str!2str!4v1657091423595!5m2!1str!2str\" width=\"600\" height=\"450\" style=\"border:0;\" allowfullscreen=\"\" loading=\"lazy\" referrerpolicy=\"no-referrer-when-downgrade\"><\/iframe>\n\n\n\n<p>ORTAK F\u0130RMA<\/p>\n\n\n\n<p>http:\/\/mallati.com\/home.html<\/p>\n\n\n\n<p><\/p>\n\n\n\n<pre class=\"wp-block-code\"><code>\n<\/code><\/pre>\n","protected":false},"excerpt":{"rendered":"<div class=\"slide-text-bg2\"><span>ATLANT\u0130K&nbsp; GIDA TEKS. \u0130NS. NAK. SAN VE DI\u015e T\u0130C.LTD.\u015eT\u0130 Kocatepe Mah.Yemi\u015f&nbsp;&nbsp; Meydan\u0131&nbsp; Sok. No: 1-288&nbsp;&nbsp; C&nbsp; 30 Blok&#038;<\/span><\/div>\n<div class=\"slide-btn-area-sm\"><a href=\"http:\/\/www.atlantikkurugida.com\/?page_id=29\" class=\"slide-btn-sm\">Devam\u0131n\u0131 oku<\/a><\/div>\n","protected":false},"author":1,"featured_media":0,"parent":0,"menu_order":0,"comment_status":"closed","ping_status":"closed","template":"","meta":{"footnotes":""},"class_list":["post-29","page","type-page","status-publish","hentry"],"_links":{"self":[{"href":"http:\/\/www.atlantikkurugida.com\/index.php?rest_route=\/wp\/v2\/pages\/29","targetHints":{"allow":["GET"]}}],"collection":[{"href":"http:\/\/www.atlantikkurugida.com\/index.php?rest_route=\/wp\/v2\/pages"}],"about":[{"href":"http:\/\/www.atlantikkurugida.com\/index.php?rest_route=\/wp\/v2\/types\/page"}],"author":[{"embeddable":true,"href":"http:\/\/www.atlantikkurugida.com\/index.php?rest_route=\/wp\/v2\/users\/1"}],"replies":[{"embeddable":true,"href":"http:\/\/www.atlantikkurugida.com\/index.php?rest_route=%2Fwp%2Fv2%2Fcomments&post=29"}],"version-history":[{"count":3,"href":"http:\/\/www.atlantikkurugida.com\/index.php?rest_route=\/wp\/v2\/pages\/29\/revisions"}],"predecessor-version":[{"id":97,"href":"http:\/\/www.atlantikkurugida.com\/index.php?rest_route=\/wp\/v2\/pages\/29\/revisions\/97"}],"wp:attachment":[{"href":"http:\/\/www.atlantikkurugida.com\/index.php?rest_route=%2Fwp%2Fv2%2Fmedia&parent=29"}],"curies":[{"name":"wp","href":"https:\/\/api.w.org\/{rel}","templated":true}]}}