{"id":19,"date":"2022-07-06T07:07:02","date_gmt":"2022-07-06T07:07:02","guid":{"rendered":"http:\/\/www.atlantikkurugida.com\/?page_id=19"},"modified":"2022-07-06T07:07:02","modified_gmt":"2022-07-06T07:07:02","slug":"hakkimizda","status":"publish","type":"page","link":"http:\/\/www.atlantikkurugida.com\/?page_id=19","title":{"rendered":"Hakk\u0131m\u0131zda"},"content":{"rendered":"\n<p>Nesim Aslan&nbsp;&nbsp; 1990 da&nbsp; ticari hayat\u0131na&nbsp; Ukrayna&nbsp; ve Rusya&nbsp; ve do\u011fu&nbsp; bloku&nbsp; ulkelerine&nbsp; ihracat&nbsp; yaparak ba\u015flad\u0131.b\u00fct\u00fcn&nbsp; bilgi&nbsp; birikimini deneyimlerini&nbsp; de\u011ferlendirmek&nbsp; i\u00e7in Atlantik g\u0131da Teks.\u0130n\u015f Nakl. San.D\u0131\u015f Ltd.\u015eti&nbsp; kurma&nbsp; karar\u0131&nbsp; ald\u0131.<\/p>\n\n\n\n<p>Firmam\u0131z\u00a0\u00a0\u00a0 Nesim\u00a0 Aslan\u00a0 ve\u00a0\u00a0 Alex\u00a0 V. Kryukovsky\u00a0\u00a0 taraf\u0131nda\u00a0\u00a0 2005\u00a0 y\u0131l\u0131nda\u00a0 kuruldu.\u00a0\u00a0 Ukrayna\u00a0 Merkezli\u00a0 bir\u00a0 firmay\u0131z.Ukraynada\u00a0 i\u00e7\u00a0 piyasa parekende\u00a0 ve toptan\u00a0 kuru g\u0131da\u00a0 da\u011f\u0131t\u0131m\u0131 yapan\u00a0\u00a0 en buyuk\u00a0 firmalar\u0131ndan\u00a0 biridir. Ukraynada\u00a0\u00a0 faaliyete\u00a0 olan fabrikam\u0131zda\u00a0 Ay\u00e7ekirde\u011fi i\u00e7i d\u00fcnya\u00a0 geneline\u00a0\u00a0 \u00fcretim yapmaktad\u0131r .<\/p>\n\n\n\n<figure class=\"wp-block-image size-full is-resized\"><img loading=\"lazy\" decoding=\"async\" src=\"http:\/\/www.atlantikkurugida.com\/wp-content\/uploads\/2022\/07\/logo.jpg\" alt=\"\" class=\"wp-image-21\" width=\"237\" height=\"95\"\/><\/figure>\n\n\n\n<p>Ukraynadan&nbsp;&nbsp; ithal&nbsp; etti\u011fimiz&nbsp; ve&nbsp; i\u00e7&nbsp; piyasaya&nbsp; sundu\u011fumuz&nbsp; \u00fcr\u00fcnler&nbsp; \u015funlard\u0131r.&nbsp;&nbsp; Ay\u00e7ekirde\u011fi i\u00e7i, Ay\u00e7ekirde\u011fi, kabak \u00e7ekirde\u011fi, Ukrayna&nbsp; cevizi,&nbsp; sar\u0131 bezelye ,kuru fasulye&nbsp; ,pelet&nbsp; gibi&nbsp; \u00fcr\u00fcnlerdir.<\/p>\n\n\n\n<p>Vizyonumuz ve Misyonumuz<\/p>\n\n\n\n<p>Kalite kontrol belgeleri \u00e7al\u0131\u015fma, kalite ve g\u00fcvenlik do\u011frulayan, hammadde temini i\u00e7in numune alma a\u015famas\u0131nda olu\u015fur.Geleneksel olarak, \u00e7al\u0131\u015fma sezonu ba\u015f\u0131nda yeni \u00e7izgiler veya bitkilerin tan\u0131t\u0131lacak. iyi haber Buhler Sorteks Ltd, Birle\u015fik Krall\u0131k&#8217;tan tarama donan\u0131mlar\u0131 sat\u0131n almak hatt\u0131 gibi ikinci hizmet edebilir. Firmam\u0131z taraf\u0131ndan sat\u0131n al\u0131nan modeli bize sekt\u00f6r\u00fcnde rakipleri aras\u0131nda \u00f6ne \u00e7\u0131kmas\u0131n\u0131 sa\u011flayan son teknoloji INGAS kamera, Ukrayna&#8217;ya ilk teslimat\u0131. Bu y\u0131l, tam otomatik \u00fcretim i\u015fg\u00fcc\u00fc maliyetlerini azalt\u0131r ve yak\u0131ndan \u00fcretim s\u00fcrecini izlemek ceviz, \u00e7ekirdek elde etmek . \u00fcretim uluslararas\u0131 sertifika ISO 9001 sertifikas\u0131na sahiptir. yak\u0131n gelecekte \u015firket &#8211; bir bah\u00e7e sazhantsev Dikim a\u015f\u0131l\u0131 ceviz. Ayr\u0131ca, uluslararas\u0131 sertifika ISO 22000 konusu yarg\u0131laman\u0131n tasdik gelecek y\u0131l plan\u0131.<\/p>\n","protected":false},"excerpt":{"rendered":"<div class=\"slide-text-bg2\"><span>Nesim Aslan&nbsp;&nbsp; 1990 da&nbsp; ticari hayat\u0131na&nbsp; Ukrayna&nbsp; ve Rusya&nbsp; ve do\u011fu&nbsp; bloku&nbsp; ulkelerine&nbsp; ihracat&nbsp; yaparak<\/span><\/div>\n<div class=\"slide-btn-area-sm\"><a href=\"http:\/\/www.atlantikkurugida.com\/?page_id=19\" class=\"slide-btn-sm\">Devam\u0131n\u0131 oku<\/a><\/div>\n","protected":false},"author":1,"featured_media":0,"parent":0,"menu_order":0,"comment_status":"closed","ping_status":"closed","template":"","meta":{"footnotes":""},"class_list":["post-19","page","type-page","status-publish","hentry"],"_links":{"self":[{"href":"http:\/\/www.atlantikkurugida.com\/index.php?rest_route=\/wp\/v2\/pages\/19","targetHints":{"allow":["GET"]}}],"collection":[{"href":"http:\/\/www.atlantikkurugida.com\/index.php?rest_route=\/wp\/v2\/pages"}],"about":[{"href":"http:\/\/www.atlantikkurugida.com\/index.php?rest_route=\/wp\/v2\/types\/page"}],"author":[{"embeddable":true,"href":"http:\/\/www.atlantikkurugida.com\/index.php?rest_route=\/wp\/v2\/users\/1"}],"replies":[{"embeddable":true,"href":"http:\/\/www.atlantikkurugida.com\/index.php?rest_route=%2Fwp%2Fv2%2Fcomments&post=19"}],"version-history":[{"count":1,"href":"http:\/\/www.atlantikkurugida.com\/index.php?rest_route=\/wp\/v2\/pages\/19\/revisions"}],"predecessor-version":[{"id":23,"href":"http:\/\/www.atlantikkurugida.com\/index.php?rest_route=\/wp\/v2\/pages\/19\/revisions\/23"}],"wp:attachment":[{"href":"http:\/\/www.atlantikkurugida.com\/index.php?rest_route=%2Fwp%2Fv2%2Fmedia&parent=19"}],"curies":[{"name":"wp","href":"https:\/\/api.w.org\/{rel}","templated":true}]}}